{"id":371,"date":"2025-09-24T20:05:13","date_gmt":"2025-09-24T23:05:13","guid":{"rendered":"https:\/\/oftalmocuritiba.com.br\/edital-hospital-da-visao\/?page_id=371"},"modified":"2026-01-24T11:29:59","modified_gmt":"2026-01-24T14:29:59","slug":"edital-de-processo-seletivo-fellowship-glaucoma-2026","status":"publish","type":"page","link":"https:\/\/oftalmocuritiba.com.br\/edital-hospital-da-visao\/edital-de-processo-seletivo-fellowship-glaucoma-2026\/","title":{"rendered":"EDITAL DE PROCESSO SELETIVO FELLOWSHIP GLAUCOMA 2026"},"content":{"rendered":"\t\t<div data-elementor-type=\"wp-page\" data-elementor-id=\"371\" class=\"elementor elementor-371\">\n\t\t\t\t\t\t\t\t\t<section class=\"elementor-section elementor-top-section elementor-element elementor-element-3381696 elementor-section-boxed elementor-section-height-default elementor-section-height-default\" data-id=\"3381696\" data-element_type=\"section\">\n\t\t\t\t\t\t<div class=\"elementor-container elementor-column-gap-default\">\n\t\t\t\t\t<div class=\"elementor-column elementor-col-100 elementor-top-column elementor-element elementor-element-9835c60\" data-id=\"9835c60\" data-element_type=\"column\">\n\t\t\t<div class=\"elementor-widget-wrap elementor-element-populated\">\n\t\t\t\t\t\t\t\t<div class=\"elementor-element elementor-element-306de76 elementor-widget elementor-widget-image\" data-id=\"306de76\" data-element_type=\"widget\" data-widget_type=\"image.default\">\n\t\t\t\t<div class=\"elementor-widget-container\">\n\t\t\t\t\t\t\t\t\t\t\t\t\t\t\t<img loading=\"lazy\" decoding=\"async\" width=\"250\" height=\"58\" src=\"https:\/\/oftalmocuritiba.com.br\/edital-hospital-da-visao\/wp-content\/uploads\/2022\/11\/hospital-de-oftalmologia-em-curitiba.png\" class=\"attachment-large size-large wp-image-56\" alt=\"\" \/>\t\t\t\t\t\t\t\t\t\t\t\t\t\t\t<\/div>\n\t\t\t\t<\/div>\n\t\t\t\t\t<\/div>\n\t\t<\/div>\n\t\t\t\t\t\t\t<\/div>\n\t\t<\/section>\n\t\t\t\t<section class=\"elementor-section elementor-top-section elementor-element elementor-element-561f4ee elementor-section-boxed elementor-section-height-default elementor-section-height-default\" data-id=\"561f4ee\" data-element_type=\"section\" data-settings=\"{&quot;background_background&quot;:&quot;classic&quot;}\">\n\t\t\t\t\t\t<div class=\"elementor-container elementor-column-gap-default\">\n\t\t\t\t\t<div class=\"elementor-column elementor-col-100 elementor-top-column elementor-element elementor-element-e145634\" data-id=\"e145634\" data-element_type=\"column\">\n\t\t\t<div class=\"elementor-widget-wrap elementor-element-populated\">\n\t\t\t\t\t\t\t\t<div class=\"elementor-element elementor-element-f807e09 elementor-widget elementor-widget-heading\" data-id=\"f807e09\" data-element_type=\"widget\" data-widget_type=\"heading.default\">\n\t\t\t\t<div class=\"elementor-widget-container\">\n\t\t\t<h2 class=\"elementor-heading-title elementor-size-default\">OFTALMOCL\u00cdNICA CURITIBA \u2013 HOSPITAL DA VIS\u00c3O\n<\/h2>\t\t<\/div>\n\t\t\t\t<\/div>\n\t\t\t\t<div class=\"elementor-element elementor-element-ee888de elementor-widget elementor-widget-heading\" data-id=\"ee888de\" data-element_type=\"widget\" data-widget_type=\"heading.default\">\n\t\t\t\t<div class=\"elementor-widget-container\">\n\t\t\t<h2 class=\"elementor-heading-title elementor-size-default\">EDITAL DE PROCESSO SELETIVO FELLOWSHIP GLAUCOMA 2026\n<\/h2>\t\t<\/div>\n\t\t\t\t<\/div>\n\t\t\t\t\t<\/div>\n\t\t<\/div>\n\t\t\t\t\t\t\t<\/div>\n\t\t<\/section>\n\t\t\t\t<section class=\"elementor-section elementor-top-section elementor-element elementor-element-9482127 elementor-section-boxed elementor-section-height-default elementor-section-height-default\" data-id=\"9482127\" data-element_type=\"section\" data-settings=\"{&quot;background_background&quot;:&quot;classic&quot;}\">\n\t\t\t\t\t\t<div class=\"elementor-container elementor-column-gap-default\">\n\t\t\t\t\t<div class=\"elementor-column elementor-col-100 elementor-top-column elementor-element elementor-element-229a4ce\" data-id=\"229a4ce\" data-element_type=\"column\">\n\t\t\t<div class=\"elementor-widget-wrap elementor-element-populated\">\n\t\t\t\t\t\t\t\t<section class=\"elementor-section elementor-inner-section elementor-element elementor-element-a20eba2 elementor-section-content-middle elementor-section-boxed elementor-section-height-default elementor-section-height-default\" data-id=\"a20eba2\" data-element_type=\"section\">\n\t\t\t\t\t\t<div class=\"elementor-container elementor-column-gap-default\">\n\t\t\t\t\t<div class=\"elementor-column elementor-col-100 elementor-inner-column elementor-element elementor-element-4b76099\" data-id=\"4b76099\" data-element_type=\"column\" data-settings=\"{&quot;background_background&quot;:&quot;classic&quot;}\">\n\t\t\t<div class=\"elementor-widget-wrap elementor-element-populated\">\n\t\t\t\t\t\t\t\t<div class=\"elementor-element elementor-element-94cb82f elementor-widget elementor-widget-text-editor\" data-id=\"94cb82f\" data-element_type=\"widget\" data-widget_type=\"text-editor.default\">\n\t\t\t\t<div class=\"elementor-widget-container\">\n\t\t\t\t\t\t\t<p><strong>Inscri\u00e7\u00f5es:\u00a0<\/strong>At\u00e9 06\/02\/2026<\/p><p><b>Entrevista presencial<\/b><strong>:<\/strong>\u00a009\/02\/2026<\/p><p><strong>Divulga\u00e7\u00e3o dos aprovados:<\/strong>\u00a012\/02\/2026 &#8211; <a href=\"https:\/\/oftalmocuritiba.com.br\/edital-hospital-da-visao\/wp-content\/uploads\/2025\/12\/lista-aprovados.pdf\"><strong>ver lista dos candidatos j\u00e1 aprovados<\/strong><\/a><\/p><p><b>Integra\u00e7\u00e3o:<\/b>\u00a002\/02\/2026<\/p><p><b>Dura\u00e7\u00e3o do Programa de Fellowship em Glaucoma:\u00a0<\/b>01\/03\/2026 \u00e0 01\/04\/2027<\/p>\t\t\t\t\t\t<\/div>\n\t\t\t\t<\/div>\n\t\t\t\t\t<\/div>\n\t\t<\/div>\n\t\t\t\t\t\t\t<\/div>\n\t\t<\/section>\n\t\t\t\t<div class=\"elementor-element elementor-element-38cf8bc elementor-widget elementor-widget-text-editor\" data-id=\"38cf8bc\" data-element_type=\"widget\" data-widget_type=\"text-editor.default\">\n\t\t\t\t<div class=\"elementor-widget-container\">\n\t\t\t\t\t\t\t<style>.heartbeat {display:none !important}<\/style>\t\t\t\t\t\t<\/div>\n\t\t\t\t<\/div>\n\t\t\t\t\t<\/div>\n\t\t<\/div>\n\t\t\t\t\t\t\t<\/div>\n\t\t<\/section>\n\t\t\t\t<section class=\"elementor-section elementor-top-section elementor-element elementor-element-2140ebf elementor-section-boxed elementor-section-height-default elementor-section-height-default\" data-id=\"2140ebf\" data-element_type=\"section\" data-settings=\"{&quot;background_background&quot;:&quot;classic&quot;}\">\n\t\t\t\t\t\t<div class=\"elementor-container elementor-column-gap-default\">\n\t\t\t\t\t<div class=\"elementor-column elementor-col-100 elementor-top-column elementor-element elementor-element-eec5f85\" data-id=\"eec5f85\" data-element_type=\"column\">\n\t\t\t<div class=\"elementor-widget-wrap elementor-element-populated\">\n\t\t\t\t\t\t\t\t<div class=\"elementor-element elementor-element-1bb67f0 elementor-widget elementor-widget-text-editor\" data-id=\"1bb67f0\" data-element_type=\"widget\" data-widget_type=\"text-editor.default\">\n\t\t\t\t<div class=\"elementor-widget-container\">\n\t\t\t\t\t\t\t<p><b>1. Das Disposi\u00e7\u00f5es Preliminares<\/b><\/p><p>A Oftalmo Curitiba Hospital da Vis\u00e3o informa a abertura das inscri\u00e7\u00f5es para o Programa de Fellowship de Glaucoma, disponibilizando o total de 3 (tr\u00eas) vagas com dura\u00e7\u00e3o de 13 meses.<\/p><p><strong>1.1 Fellowship Glaucoma<\/strong><\/p><p>No decorrer do per\u00edodo de dura\u00e7\u00e3o do Fellowship, o m\u00e9dico realizar\u00e1 atividades de educa\u00e7\u00e3o e pesquisa nos Hospitais que fazem parte do servi\u00e7o:<\/p><ul><li>Hospital Universit\u00e1rio Cajuru<\/li><li>Hospital de Miseric\u00f3rdia Santa Casa de Curitiba<\/li><li>Hospital Universit\u00e1rio Evang\u00e9lico Mackenzie<\/li><li>Oftalmo Curitiba \u2013 Hospital da Vis\u00e3o<\/li><\/ul><p><em>* N\u00e3o h\u00e1 v\u00ednculo empregat\u00edcio com as institui\u00e7\u00f5es mencionadas acima.<\/em><\/p>\t\t\t\t\t\t<\/div>\n\t\t\t\t<\/div>\n\t\t\t\t<div class=\"elementor-element elementor-element-5111fe6 elementor-widget elementor-widget-text-editor\" data-id=\"5111fe6\" data-element_type=\"widget\" data-widget_type=\"text-editor.default\">\n\t\t\t\t<div class=\"elementor-widget-container\">\n\t\t\t\t\t\t\t<p><span class=\"fontstyle0\">O servi\u00e7o cir\u00fargico abrange acompanhamento e realiza\u00e7\u00e3o de terapias oftalmol\u00f3gicas e cirurgias nos hospitais que fazem parte do servi\u00e7o, incluindo Trabeculectomia, Implantes valvulares, Trabeculoplastia Seletiva (SLT), Trabeculotomia, t\u00e9cnicas minimamente invasivas como o GATT.<\/span><\/p><p><span class=\"fontstyle0\">O Servi\u00e7o cl\u00ednico abrange a realiza\u00e7\u00e3o de consultas e ambulat\u00f3rios do Hospital Santa Casa, Hospital Universit\u00e1rio Cajuru, Hospital Evang\u00e9lico Mackenzie e Oftalmo Curitiba Hospital da Vis\u00e3o e exames abordando as proped\u00eauticas complementares tanto no SUS quanto no ambiente de servi\u00e7os m\u00e9dicos privados ligados ao setor de exames das cl\u00ednicas e hospitais.<\/span><\/p><p><strong><span class=\"fontstyle2\">M\u00e9dico Respons\u00e1vel:<\/span><\/strong><\/p><ul><li><span class=\"fontstyle0\">Dr. Luiz Fernando Interaminense Garbers CRM\/PR 28475<\/span><\/li><\/ul><p><strong><span class=\"fontstyle2\">Equipe Respons\u00e1vel:<\/span><\/strong><\/p><ul><li><span class=\"fontstyle0\">Dr. Henrique Mostiack Guimaraes CRM\/PR 42614<\/span><\/li><li>Dra. Liana Grupenmacher Iankilevich CRM\/PR 36552<\/li><li>Dr. Renan Sugisawa Miyazaki CRM\/PR 48095<\/li><li>Dra. Bruna de Souza Brito CRM\/PR 45093<\/li><\/ul>\t\t\t\t\t\t<\/div>\n\t\t\t\t<\/div>\n\t\t\t\t<div class=\"elementor-element elementor-element-78b2b42 elementor-widget elementor-widget-text-editor\" data-id=\"78b2b42\" data-element_type=\"widget\" data-widget_type=\"text-editor.default\">\n\t\t\t\t<div class=\"elementor-widget-container\">\n\t\t\t\t\t\t\t\t\t\t\t\t\t<\/div>\n\t\t\t\t<\/div>\n\t\t\t\t\t<\/div>\n\t\t<\/div>\n\t\t\t\t\t\t\t<\/div>\n\t\t<\/section>\n\t\t\t\t<section class=\"elementor-section elementor-top-section elementor-element elementor-element-3e5d448 elementor-section-boxed elementor-section-height-default elementor-section-height-default\" data-id=\"3e5d448\" data-element_type=\"section\" data-settings=\"{&quot;background_background&quot;:&quot;classic&quot;}\">\n\t\t\t\t\t\t<div class=\"elementor-container elementor-column-gap-default\">\n\t\t\t\t\t<div class=\"elementor-column elementor-col-100 elementor-top-column elementor-element elementor-element-063f907\" data-id=\"063f907\" data-element_type=\"column\">\n\t\t\t<div class=\"elementor-widget-wrap elementor-element-populated\">\n\t\t\t\t\t\t\t\t<div class=\"elementor-element elementor-element-7505ce9 elementor-widget elementor-widget-text-editor\" data-id=\"7505ce9\" data-element_type=\"widget\" data-widget_type=\"text-editor.default\">\n\t\t\t\t<div class=\"elementor-widget-container\">\n\t\t\t\t\t\t\t<p><strong><span class=\"fontstyle0\">2. Das Inscri\u00e7\u00f5es<\/span><\/strong><\/p><p><strong><span class=\"fontstyle0\">2.1 Prazos<\/span><\/strong><\/p><p><span class=\"fontstyle2\">As inscri\u00e7\u00f5es ser\u00e3o aceitas at\u00e9 o dia 06\/02\/2026.<\/span><\/p><p><strong><span class=\"fontstyle0\">2.2 Pr\u00e9-requisitos necess\u00e1rios e irrevog\u00e1veis para a inscri\u00e7\u00e3o:<\/span><\/strong><\/p><ul><li><span class=\"fontstyle2\">Ser m\u00e9dico formado em todo o territ\u00f3rio nacional em curso de medicina reconhecido pelo MEC, ou se m\u00e9dico estrangeiro, que tenha conclu\u00eddo o curso m\u00e9dico no Brasil ou no exterior e que neste caso tenha sido aprovado no Exame Nacional de Revalida\u00e7\u00e3o, j\u00e1 possuindo o n\u00famero de CRM registrado.<\/span><\/li><li><span class=\"fontstyle2\">O candidato deve concluir o \u00faltimo ano de resid\u00eancia em oftalmologia at\u00e9 mar\u00e7o de 2025 por servi\u00e7o credenciado e reconhecido pelo MEC e\/ou servi\u00e7o reconhecido pelo Col\u00e9gio Brasileiro de Oftalmologia, ou j\u00e1 ser oftalmologista formado por servi\u00e7o credenciado e reconhecido pelo MEC e\/ou servi\u00e7o reconhecido pelo Col\u00e9gio Brasileiro de Oftalmologia.<\/span><\/li><\/ul><p><strong><span class=\"fontstyle0\">2.3 Documenta\u00e7\u00e3o exigida para inscri\u00e7\u00e3o:<\/span><\/strong><\/p><ul><li><span class=\"fontstyle2\">Carteira de Identidade<\/span><\/li><li><span class=\"fontstyle2\">Diploma de M\u00e9dico<\/span><\/li><li><span class=\"fontstyle2\">Identidade do m\u00e9dico com foto leg\u00edvel<\/span><\/li><li><span class=\"fontstyle2\">Declara\u00e7\u00e3o da previs\u00e3o que ir\u00e1 terminar a resid\u00eancia em Oftalmologia em institui\u00e7\u00e3o que seja r<\/span>econhecida pelo MEC ou CBO at\u00e9 mar\u00e7o de 2026 ou c\u00f3pia do Diploma de Especialista da Associa\u00e7\u00e3o M\u00e9dica Brasileira ou Registro de Qualifica\u00e7\u00e3o de Especialista (RQE) junto ao CRM que est\u00e1 filiado<\/li><li><span class=\"fontstyle2\">Link do Curr\u00edculo Lattes atualizado (apenas o link, sendo dispensada a c\u00f3pia f\u00edsica digitalizada<\/span><\/li><\/ul><p><strong><span class=\"fontstyle0\">2.4 Inscri\u00e7\u00e3o:<\/span><\/strong><\/p><ul><li><span class=\"fontstyle2\">A inscri\u00e7\u00e3o deve ser feita por meio do e-mail: <\/span><span class=\"fontstyle2\">coreme@oftalmocuritiba.com.br<\/span><\/li><li><span class=\"fontstyle2\">No assunto do e-mail, informar: INSCRI\u00c7\u00c3O FELLOWSHIP GLAUCOMA \u2013 [NOME COMPLETO]<\/span><\/li><li><span class=\"fontstyle2\">No corpo do e-mail, informar:<\/span><ul><li><span class=\"fontstyle2\">NOME COMPLETO<\/span><\/li><li>FILIA\u00c7\u00c3O<\/li><li>ENDERE\u00c7O<\/li><li>TELEFONE PARA CONTATO<\/li><li>E-MAIL DE CONTATO<\/li><li>LINK DO CURR\u00cdCULO LATTES ATUALIZADO<\/li><li>NOME E CONTATO DE PROFISSIONAL DE REFER\u00caNCIA (SUPERVISOR, PROFESSOR, ETC)<\/li><\/ul><\/li><li><span class=\"fontstyle2\">Os documentos elencados no item <\/span><span class=\"fontstyle3\">2.3 <\/span><span class=\"fontstyle2\">devem ser anexados em imagem ou arquivo PDF leg\u00edveis<\/span><\/li><li><span class=\"fontstyle2\">Documentos rasurados ou sem defini\u00e7\u00e3o suficiente para serem avaliados ser\u00e3o recusados<\/span><\/li><li><span class=\"fontstyle2\">O candidato receber\u00e1 e-mail de confirma\u00e7\u00e3o de recebimento dos documentos<\/span><\/li><\/ul>\t\t\t\t\t\t<\/div>\n\t\t\t\t<\/div>\n\t\t\t\t\t<\/div>\n\t\t<\/div>\n\t\t\t\t\t\t\t<\/div>\n\t\t<\/section>\n\t\t\t\t<section class=\"elementor-section elementor-top-section elementor-element elementor-element-998bf05 elementor-section-content-middle elementor-section-boxed elementor-section-height-default elementor-section-height-default\" data-id=\"998bf05\" data-element_type=\"section\" data-settings=\"{&quot;background_background&quot;:&quot;classic&quot;}\">\n\t\t\t\t\t\t<div class=\"elementor-container elementor-column-gap-default\">\n\t\t\t\t\t<div class=\"elementor-column elementor-col-100 elementor-top-column elementor-element elementor-element-0b4168a\" data-id=\"0b4168a\" data-element_type=\"column\">\n\t\t\t<div class=\"elementor-widget-wrap elementor-element-populated\">\n\t\t\t\t\t\t\t\t<div class=\"elementor-element elementor-element-82298a2 elementor-widget elementor-widget-text-editor\" data-id=\"82298a2\" data-element_type=\"widget\" data-widget_type=\"text-editor.default\">\n\t\t\t\t<div class=\"elementor-widget-container\">\n\t\t\t\t\t\t\t<p><strong><span class=\"fontstyle3\">3. Da sele\u00e7\u00e3o<\/span><\/strong><\/p><ul><li><span class=\"fontstyle2\">As entrevistas ser\u00e3o realizadas no dia 09\/02\/2026, em hor\u00e1rio previamente agendado com o\u00a0<\/span>candidato, de forma presencial. O candidato deve comparecer com pelo menos 10 minutos de anteced\u00eancia.<\/li><\/ul><p>O resultado ser\u00e1 divulgado no dia 12\/02\/2026 no site\u00a0<span class=\"fontstyle2\">www.oftalmocuritiba.com.br\u00a0<\/span><span class=\"fontstyle2\">e via e-mail para os candidatos selecionados.<\/span><\/p><p><span class=\"fontstyle3\">D\u00favidas:\u00a0<\/span><strong><span class=\"fontstyle2\">coreme@oftalmocuritiba.com.br<\/span><\/strong><\/p>\t\t\t\t\t\t<\/div>\n\t\t\t\t<\/div>\n\t\t\t\t\t<\/div>\n\t\t<\/div>\n\t\t\t\t\t\t\t<\/div>\n\t\t<\/section>\n\t\t\t\t<section class=\"elementor-section elementor-top-section elementor-element elementor-element-84c2d6a elementor-section-boxed elementor-section-height-default elementor-section-height-default\" data-id=\"84c2d6a\" data-element_type=\"section\">\n\t\t\t\t\t\t<div class=\"elementor-container elementor-column-gap-default\">\n\t\t\t\t\t<div class=\"elementor-column elementor-col-100 elementor-top-column elementor-element elementor-element-788e955\" data-id=\"788e955\" data-element_type=\"column\">\n\t\t\t<div class=\"elementor-widget-wrap elementor-element-populated\">\n\t\t\t\t\t\t\t\t<div class=\"elementor-element elementor-element-fe57400 elementor-widget elementor-widget-html\" data-id=\"fe57400\" data-element_type=\"widget\" data-widget_type=\"html.default\">\n\t\t\t\t<div class=\"elementor-widget-container\">\n\t\t\t<style>\n\nul {margin-top:30px; margin-bottom:30px;}\n.site-header {display:none !important;}\n\n<\/style>\n\n\t\t<\/div>\n\t\t\t\t<\/div>\n\t\t\t\t\t<\/div>\n\t\t<\/div>\n\t\t\t\t\t\t\t<\/div>\n\t\t<\/section>\n\t\t\t\t\t\t\t<\/div>\n\t\t","protected":false},"excerpt":{"rendered":"<p>OFTALMOCL\u00cdNICA CURITIBA \u2013 HOSPITAL DA VIS\u00c3O EDITAL DE PROCESSO SELETIVO FELLOWSHIP GLAUCOMA 2026 Inscri\u00e7\u00f5es:\u00a0At\u00e9 06\/02\/2026 Entrevista presencial:\u00a009\/02\/2026 Divulga\u00e7\u00e3o dos aprovados:\u00a012\/02\/2026 &#8211; ver lista dos candidatos j\u00e1 aprovados Integra\u00e7\u00e3o:\u00a002\/02\/2026 Dura\u00e7\u00e3o do Programa de Fellowship em Glaucoma:\u00a001\/03\/2026 \u00e0 01\/04\/2027 1. Das Disposi\u00e7\u00f5es Preliminares A Oftalmo Curitiba Hospital da Vis\u00e3o informa a abertura das inscri\u00e7\u00f5es para o Programa [&hellip;]<\/p>\n","protected":false},"author":1,"featured_media":0,"parent":0,"menu_order":0,"comment_status":"closed","ping_status":"closed","template":"elementor_canvas","meta":{"footnotes":""},"yoast_head":"<!-- This site is optimized with the Yoast SEO plugin v20.4 - https:\/\/yoast.com\/wordpress\/plugins\/seo\/ -->\n<title>EDITAL DE PROCESSO SELETIVO FELLOWSHIP GLAUCOMA 2026 - SITE<\/title>\n<meta name=\"robots\" content=\"index, follow, max-snippet:-1, max-image-preview:large, max-video-preview:-1\" \/>\n<link rel=\"canonical\" href=\"https:\/\/oftalmocuritiba.com.br\/edital-hospital-da-visao\/edital-de-processo-seletivo-fellowship-glaucoma-2026\/\" \/>\n<meta property=\"og:locale\" content=\"pt_BR\" \/>\n<meta property=\"og:type\" content=\"article\" \/>\n<meta property=\"og:title\" content=\"EDITAL DE PROCESSO SELETIVO FELLOWSHIP GLAUCOMA 2026 - SITE\" \/>\n<meta property=\"og:description\" content=\"OFTALMOCL\u00cdNICA CURITIBA \u2013 HOSPITAL DA VIS\u00c3O EDITAL DE PROCESSO SELETIVO FELLOWSHIP GLAUCOMA 2026 Inscri\u00e7\u00f5es:\u00a0At\u00e9 06\/02\/2026 Entrevista presencial:\u00a009\/02\/2026 Divulga\u00e7\u00e3o dos aprovados:\u00a012\/02\/2026 &#8211; ver lista dos candidatos j\u00e1 aprovados Integra\u00e7\u00e3o:\u00a002\/02\/2026 Dura\u00e7\u00e3o do Programa de Fellowship em Glaucoma:\u00a001\/03\/2026 \u00e0 01\/04\/2027 1. Das Disposi\u00e7\u00f5es Preliminares A Oftalmo Curitiba Hospital da Vis\u00e3o informa a abertura das inscri\u00e7\u00f5es para o Programa [&hellip;]\" \/>\n<meta property=\"og:url\" content=\"https:\/\/oftalmocuritiba.com.br\/edital-hospital-da-visao\/edital-de-processo-seletivo-fellowship-glaucoma-2026\/\" \/>\n<meta property=\"og:site_name\" content=\"SITE\" \/>\n<meta property=\"article:modified_time\" content=\"2026-01-24T14:29:59+00:00\" \/>\n<meta property=\"og:image\" content=\"https:\/\/oftalmocuritiba.com.br\/edital-hospital-da-visao\/wp-content\/uploads\/2022\/11\/hospital-de-oftalmologia-em-curitiba.png\" \/>\n<meta name=\"twitter:card\" content=\"summary_large_image\" \/>\n<meta name=\"twitter:label1\" content=\"Est. tempo de leitura\" \/>\n\t<meta name=\"twitter:data1\" content=\"4 minutos\" \/>\n<script type=\"application\/ld+json\" class=\"yoast-schema-graph\">{\"@context\":\"https:\/\/schema.org\",\"@graph\":[{\"@type\":\"WebPage\",\"@id\":\"https:\/\/oftalmocuritiba.com.br\/edital-hospital-da-visao\/edital-de-processo-seletivo-fellowship-glaucoma-2026\/\",\"url\":\"https:\/\/oftalmocuritiba.com.br\/edital-hospital-da-visao\/edital-de-processo-seletivo-fellowship-glaucoma-2026\/\",\"name\":\"EDITAL DE PROCESSO SELETIVO FELLOWSHIP GLAUCOMA 2026 - SITE\",\"isPartOf\":{\"@id\":\"https:\/\/oftalmocuritiba.com.br\/edital-hospital-da-visao\/#website\"},\"datePublished\":\"2025-09-24T23:05:13+00:00\",\"dateModified\":\"2026-01-24T14:29:59+00:00\",\"breadcrumb\":{\"@id\":\"https:\/\/oftalmocuritiba.com.br\/edital-hospital-da-visao\/edital-de-processo-seletivo-fellowship-glaucoma-2026\/#breadcrumb\"},\"inLanguage\":\"pt-BR\",\"potentialAction\":[{\"@type\":\"ReadAction\",\"target\":[\"https:\/\/oftalmocuritiba.com.br\/edital-hospital-da-visao\/edital-de-processo-seletivo-fellowship-glaucoma-2026\/\"]}]},{\"@type\":\"BreadcrumbList\",\"@id\":\"https:\/\/oftalmocuritiba.com.br\/edital-hospital-da-visao\/edital-de-processo-seletivo-fellowship-glaucoma-2026\/#breadcrumb\",\"itemListElement\":[{\"@type\":\"ListItem\",\"position\":1,\"name\":\"In\u00edcio\",\"item\":\"https:\/\/oftalmocuritiba.com.br\/edital-hospital-da-visao\/\"},{\"@type\":\"ListItem\",\"position\":2,\"name\":\"EDITAL DE PROCESSO SELETIVO FELLOWSHIP GLAUCOMA 2026\"}]},{\"@type\":\"WebSite\",\"@id\":\"https:\/\/oftalmocuritiba.com.br\/edital-hospital-da-visao\/#website\",\"url\":\"https:\/\/oftalmocuritiba.com.br\/edital-hospital-da-visao\/\",\"name\":\"SITE\",\"description\":\"SITE\",\"potentialAction\":[{\"@type\":\"SearchAction\",\"target\":{\"@type\":\"EntryPoint\",\"urlTemplate\":\"https:\/\/oftalmocuritiba.com.br\/edital-hospital-da-visao\/?s={search_term_string}\"},\"query-input\":\"required name=search_term_string\"}],\"inLanguage\":\"pt-BR\"}]}<\/script>\n<!-- \/ Yoast SEO plugin. -->","yoast_head_json":{"title":"EDITAL DE PROCESSO SELETIVO FELLOWSHIP GLAUCOMA 2026 - SITE","robots":{"index":"index","follow":"follow","max-snippet":"max-snippet:-1","max-image-preview":"max-image-preview:large","max-video-preview":"max-video-preview:-1"},"canonical":"https:\/\/oftalmocuritiba.com.br\/edital-hospital-da-visao\/edital-de-processo-seletivo-fellowship-glaucoma-2026\/","og_locale":"pt_BR","og_type":"article","og_title":"EDITAL DE PROCESSO SELETIVO FELLOWSHIP GLAUCOMA 2026 - SITE","og_description":"OFTALMOCL\u00cdNICA CURITIBA \u2013 HOSPITAL DA VIS\u00c3O EDITAL DE PROCESSO SELETIVO FELLOWSHIP GLAUCOMA 2026 Inscri\u00e7\u00f5es:\u00a0At\u00e9 06\/02\/2026 Entrevista presencial:\u00a009\/02\/2026 Divulga\u00e7\u00e3o dos aprovados:\u00a012\/02\/2026 &#8211; ver lista dos candidatos j\u00e1 aprovados Integra\u00e7\u00e3o:\u00a002\/02\/2026 Dura\u00e7\u00e3o do Programa de Fellowship em Glaucoma:\u00a001\/03\/2026 \u00e0 01\/04\/2027 1. Das Disposi\u00e7\u00f5es Preliminares A Oftalmo Curitiba Hospital da Vis\u00e3o informa a abertura das inscri\u00e7\u00f5es para o Programa [&hellip;]","og_url":"https:\/\/oftalmocuritiba.com.br\/edital-hospital-da-visao\/edital-de-processo-seletivo-fellowship-glaucoma-2026\/","og_site_name":"SITE","article_modified_time":"2026-01-24T14:29:59+00:00","og_image":[{"url":"https:\/\/oftalmocuritiba.com.br\/edital-hospital-da-visao\/wp-content\/uploads\/2022\/11\/hospital-de-oftalmologia-em-curitiba.png"}],"twitter_card":"summary_large_image","twitter_misc":{"Est. tempo de leitura":"4 minutos"},"schema":{"@context":"https:\/\/schema.org","@graph":[{"@type":"WebPage","@id":"https:\/\/oftalmocuritiba.com.br\/edital-hospital-da-visao\/edital-de-processo-seletivo-fellowship-glaucoma-2026\/","url":"https:\/\/oftalmocuritiba.com.br\/edital-hospital-da-visao\/edital-de-processo-seletivo-fellowship-glaucoma-2026\/","name":"EDITAL DE PROCESSO SELETIVO FELLOWSHIP GLAUCOMA 2026 - SITE","isPartOf":{"@id":"https:\/\/oftalmocuritiba.com.br\/edital-hospital-da-visao\/#website"},"datePublished":"2025-09-24T23:05:13+00:00","dateModified":"2026-01-24T14:29:59+00:00","breadcrumb":{"@id":"https:\/\/oftalmocuritiba.com.br\/edital-hospital-da-visao\/edital-de-processo-seletivo-fellowship-glaucoma-2026\/#breadcrumb"},"inLanguage":"pt-BR","potentialAction":[{"@type":"ReadAction","target":["https:\/\/oftalmocuritiba.com.br\/edital-hospital-da-visao\/edital-de-processo-seletivo-fellowship-glaucoma-2026\/"]}]},{"@type":"BreadcrumbList","@id":"https:\/\/oftalmocuritiba.com.br\/edital-hospital-da-visao\/edital-de-processo-seletivo-fellowship-glaucoma-2026\/#breadcrumb","itemListElement":[{"@type":"ListItem","position":1,"name":"In\u00edcio","item":"https:\/\/oftalmocuritiba.com.br\/edital-hospital-da-visao\/"},{"@type":"ListItem","position":2,"name":"EDITAL DE PROCESSO SELETIVO FELLOWSHIP GLAUCOMA 2026"}]},{"@type":"WebSite","@id":"https:\/\/oftalmocuritiba.com.br\/edital-hospital-da-visao\/#website","url":"https:\/\/oftalmocuritiba.com.br\/edital-hospital-da-visao\/","name":"SITE","description":"SITE","potentialAction":[{"@type":"SearchAction","target":{"@type":"EntryPoint","urlTemplate":"https:\/\/oftalmocuritiba.com.br\/edital-hospital-da-visao\/?s={search_term_string}"},"query-input":"required name=search_term_string"}],"inLanguage":"pt-BR"}]}},"_links":{"self":[{"href":"https:\/\/oftalmocuritiba.com.br\/edital-hospital-da-visao\/wp-json\/wp\/v2\/pages\/371"}],"collection":[{"href":"https:\/\/oftalmocuritiba.com.br\/edital-hospital-da-visao\/wp-json\/wp\/v2\/pages"}],"about":[{"href":"https:\/\/oftalmocuritiba.com.br\/edital-hospital-da-visao\/wp-json\/wp\/v2\/types\/page"}],"author":[{"embeddable":true,"href":"https:\/\/oftalmocuritiba.com.br\/edital-hospital-da-visao\/wp-json\/wp\/v2\/users\/1"}],"replies":[{"embeddable":true,"href":"https:\/\/oftalmocuritiba.com.br\/edital-hospital-da-visao\/wp-json\/wp\/v2\/comments?post=371"}],"version-history":[{"count":14,"href":"https:\/\/oftalmocuritiba.com.br\/edital-hospital-da-visao\/wp-json\/wp\/v2\/pages\/371\/revisions"}],"predecessor-version":[{"id":429,"href":"https:\/\/oftalmocuritiba.com.br\/edital-hospital-da-visao\/wp-json\/wp\/v2\/pages\/371\/revisions\/429"}],"wp:attachment":[{"href":"https:\/\/oftalmocuritiba.com.br\/edital-hospital-da-visao\/wp-json\/wp\/v2\/media?parent=371"}],"curies":[{"name":"wp","href":"https:\/\/api.w.org\/{rel}","templated":true}]}}