{"id":186,"date":"2024-12-19T10:55:10","date_gmt":"2024-12-19T13:55:10","guid":{"rendered":"https:\/\/oftalmocuritiba.com.br\/edital-hospital-da-visao\/?page_id=186"},"modified":"2025-08-13T19:52:19","modified_gmt":"2025-08-13T22:52:19","slug":"edital","status":"publish","type":"page","link":"https:\/\/oftalmocuritiba.com.br\/edital-hospital-da-visao\/edital\/","title":{"rendered":"edital"},"content":{"rendered":"\t\t<div data-elementor-type=\"wp-page\" data-elementor-id=\"186\" class=\"elementor elementor-186\">\n\t\t\t\t\t\t\t\t\t<section class=\"elementor-section elementor-top-section elementor-element elementor-element-3228fa8 elementor-section-boxed elementor-section-height-default elementor-section-height-default\" data-id=\"3228fa8\" data-element_type=\"section\">\n\t\t\t\t\t\t<div class=\"elementor-container elementor-column-gap-default\">\n\t\t\t\t\t<div class=\"elementor-column elementor-col-100 elementor-top-column elementor-element elementor-element-bf38978\" data-id=\"bf38978\" data-element_type=\"column\">\n\t\t\t<div class=\"elementor-widget-wrap elementor-element-populated\">\n\t\t\t\t\t\t\t\t<div class=\"elementor-element elementor-element-75e43b0 elementor-widget elementor-widget-image\" data-id=\"75e43b0\" data-element_type=\"widget\" data-widget_type=\"image.default\">\n\t\t\t\t<div class=\"elementor-widget-container\">\n\t\t\t\t\t\t\t\t\t\t\t\t\t\t\t<img loading=\"lazy\" decoding=\"async\" width=\"250\" height=\"58\" src=\"https:\/\/oftalmocuritiba.com.br\/edital-hospital-da-visao\/wp-content\/uploads\/2022\/11\/hospital-de-oftalmologia-em-curitiba.png\" class=\"attachment-large size-large wp-image-56\" alt=\"\" \/>\t\t\t\t\t\t\t\t\t\t\t\t\t\t\t<\/div>\n\t\t\t\t<\/div>\n\t\t\t\t\t<\/div>\n\t\t<\/div>\n\t\t\t\t\t\t\t<\/div>\n\t\t<\/section>\n\t\t\t\t<section class=\"elementor-section elementor-top-section elementor-element elementor-element-de57c93 elementor-section-boxed elementor-section-height-default elementor-section-height-default\" data-id=\"de57c93\" data-element_type=\"section\">\n\t\t\t\t\t\t<div class=\"elementor-container elementor-column-gap-default\">\n\t\t\t\t\t<div class=\"elementor-column elementor-col-100 elementor-top-column elementor-element elementor-element-be6cd99\" data-id=\"be6cd99\" data-element_type=\"column\">\n\t\t\t<div class=\"elementor-widget-wrap elementor-element-populated\">\n\t\t\t\t\t\t\t\t<div class=\"elementor-element elementor-element-d451b6a elementor-widget elementor-widget-heading\" data-id=\"d451b6a\" data-element_type=\"widget\" data-widget_type=\"heading.default\">\n\t\t\t\t<div class=\"elementor-widget-container\">\n\t\t\t<h2 class=\"elementor-heading-title elementor-size-default\">EDITAL DE CONVOCA\u00c7\u00c3O PARA MATR\u00cdCULA 2\u00aa CHAMADA<\/h2>\t\t<\/div>\n\t\t\t\t<\/div>\n\t\t\t\t<div class=\"elementor-element elementor-element-c6d2bef elementor-widget elementor-widget-text-editor\" data-id=\"c6d2bef\" data-element_type=\"widget\" data-widget_type=\"text-editor.default\">\n\t\t\t\t<div class=\"elementor-widget-container\">\n\t\t\t\t\t\t\t<p>A OFTALMOCL\u00cdNICACURITIBA HOSPITAL DA VIS\u00c3O no uso das suas atribui\u00e7\u00f5es legais, torna p\u00fablico o Edital de Convoca\u00e7\u00e3o de Matr\u00edcula para 2\u00ba Chamada , nos seguintes termos:<\/p><p>I \u2013 O candidato abaixo, na qualidade de 1\u00ba suplente, deve comparecer ao Oftalmo Curitiba Hospital da Vis\u00e3o no prazo de 2 dias \u00fateis para efetiva\u00e7\u00e3o de sua matr\u00edcula a partir desta data.<\/p><p><strong>HENRIQUE RAHAL CHRISOSTOMO<\/strong><\/p><p>28 de fevereiro de 2025.<\/p><p>Irineu Antunes Neto<br \/>Diretor da Oftalmocl\u00ednica Curitiba Hospital da Vis\u00e3o<\/p>\t\t\t\t\t\t<\/div>\n\t\t\t\t<\/div>\n\t\t\t\t<div class=\"elementor-element elementor-element-cf964b5 elementor-widget elementor-widget-heading\" data-id=\"cf964b5\" data-element_type=\"widget\" data-widget_type=\"heading.default\">\n\t\t\t\t<div class=\"elementor-widget-container\">\n\t\t\t<h2 class=\"elementor-heading-title elementor-size-default\">EDITAL DE CONVOCA\u00c7\u00c3O PARA MATR\u00cdCULA 3\u00aa CHAMADA<\/h2>\t\t<\/div>\n\t\t\t\t<\/div>\n\t\t\t\t<div class=\"elementor-element elementor-element-8c125a8 elementor-widget elementor-widget-text-editor\" data-id=\"8c125a8\" data-element_type=\"widget\" data-widget_type=\"text-editor.default\">\n\t\t\t\t<div class=\"elementor-widget-container\">\n\t\t\t\t\t\t\t<p>A <strong>OFTALMOCL\u00cdNICACURITIBA HOSPITAL DA VIS\u00c3O <\/strong>no uso das suas atribui\u00e7\u00f5es legais, torna p\u00fablico o Edital de Convoca\u00e7\u00e3o de Matr\u00edcula para 3\u00ba Chamada , nos seguintes termos:<\/p><p><strong>I \u2013 <\/strong>O candidato abaixo,\u00a0 na qualidade de 2\u00ba suplente, deve comparecer ao Oftalmo Curitiba Hospital da Vis\u00e3o no prazo de 48 horas para efetiva\u00e7\u00e3o de sua matr\u00edcula a partir desta data.<\/p><p><strong>OTAVIO ROMANINI LOPES<\/strong><\/p><p>01 de mar\u00e7o de 2025.<\/p><p>Irineu Antunes Neto<\/p><p><strong>Diretor da Oftalmocl\u00ednica Curitiba Hospital da Vis\u00e3o<\/strong><\/p>\t\t\t\t\t\t<\/div>\n\t\t\t\t<\/div>\n\t\t\t\t<div class=\"elementor-element elementor-element-069a39c elementor-widget elementor-widget-heading\" data-id=\"069a39c\" data-element_type=\"widget\" data-widget_type=\"heading.default\">\n\t\t\t\t<div class=\"elementor-widget-container\">\n\t\t\t<h2 class=\"elementor-heading-title elementor-size-default\">OFTALMOCLINICA CURITIBA HOSPITAL DA VIS\u00c3O - PR\n<\/h2>\t\t<\/div>\n\t\t\t\t<\/div>\n\t\t\t\t<div class=\"elementor-element elementor-element-0823c37 elementor-widget elementor-widget-text-editor\" data-id=\"0823c37\" data-element_type=\"widget\" data-widget_type=\"text-editor.default\">\n\t\t\t\t<div class=\"elementor-widget-container\">\n\t\t\t\t\t\t\t<p>A OFTALMOCL\u00cdNICA CURITIBA HOSPITAL DA VIS\u00c3O no uso das suas atribui\u00e7\u00f5es legais, torna p\u00fablica a realiza\u00e7\u00e3o do Processo de Seletivo para Preenchimento de Vagas do Programa de Resid\u00eancia M\u00e9dica na \u00e1rea de oftalmologia oferecido para o ano de 2025.<\/p>\t\t\t\t\t\t<\/div>\n\t\t\t\t<\/div>\n\t\t\t\t<section class=\"elementor-section elementor-inner-section elementor-element elementor-element-d5d1d07 elementor-section-boxed elementor-section-height-default elementor-section-height-default\" data-id=\"d5d1d07\" data-element_type=\"section\">\n\t\t\t\t\t\t<div class=\"elementor-container elementor-column-gap-default\">\n\t\t\t\t\t<div class=\"elementor-column elementor-col-50 elementor-inner-column elementor-element elementor-element-cb6442c\" data-id=\"cb6442c\" data-element_type=\"column\">\n\t\t\t<div class=\"elementor-widget-wrap elementor-element-populated\">\n\t\t\t\t\t\t\t\t<div class=\"elementor-element elementor-element-36fd6af elementor-widget elementor-widget-heading\" data-id=\"36fd6af\" data-element_type=\"widget\" data-widget_type=\"heading.default\">\n\t\t\t\t<div class=\"elementor-widget-container\">\n\t\t\t<h2 class=\"elementor-heading-title elementor-size-default\">Links\n<\/h2>\t\t<\/div>\n\t\t\t\t<\/div>\n\t\t\t\t<div class=\"elementor-element elementor-element-cdef9a8 elementor-align-justify elementor-widget elementor-widget-button\" data-id=\"cdef9a8\" data-element_type=\"widget\" data-widget_type=\"button.default\">\n\t\t\t\t<div class=\"elementor-widget-container\">\n\t\t\t\t\t<div class=\"elementor-button-wrapper\">\n\t\t\t<a href=\"https:\/\/link.institutoaocp.org.br\/open-link?identificador=f981e0c6-b609-451d-8b25-b7c48a53f340\" target=\"_blank\" class=\"elementor-button-link elementor-button elementor-size-sm\" role=\"button\">\n\t\t\t\t\t\t<span class=\"elementor-button-content-wrapper\">\n\t\t\t\t\t\t\t<span class=\"elementor-button-icon elementor-align-icon-left\">\n\t\t\t\t<i aria-hidden=\"true\" class=\"fas fa-file-download\"><\/i>\t\t\t<\/span>\n\t\t\t\t\t\t<span class=\"elementor-button-text\">Consultar o n\u00famero e situa\u00e7\u00e3o de inscri\u00e7\u00e3o<\/span>\n\t\t<\/span>\n\t\t\t\t\t<\/a>\n\t\t<\/div>\n\t\t\t\t<\/div>\n\t\t\t\t<\/div>\n\t\t\t\t<div class=\"elementor-element elementor-element-a5fa871 elementor-align-justify elementor-widget elementor-widget-button\" data-id=\"a5fa871\" data-element_type=\"widget\" data-widget_type=\"button.default\">\n\t\t\t\t<div class=\"elementor-widget-container\">\n\t\t\t\t\t<div class=\"elementor-button-wrapper\">\n\t\t\t<a href=\"https:\/\/link.institutoaocp.org.br\/open-link?identificador=8e3e1388-47e8-4eab-a513-d2af02966f9c\" target=\"_blank\" class=\"elementor-button-link elementor-button elementor-size-sm\" role=\"button\">\n\t\t\t\t\t\t<span class=\"elementor-button-content-wrapper\">\n\t\t\t\t\t\t\t<span class=\"elementor-button-icon elementor-align-icon-left\">\n\t\t\t\t<i aria-hidden=\"true\" class=\"fas fa-file-download\"><\/i>\t\t\t<\/span>\n\t\t\t\t\t\t<span class=\"elementor-button-text\">Formul\u00e1rio de Solicita\u00e7\u00e3o de Inscri\u00e7\u00e3o (at\u00e9 \u00e1s 18hrs do dia 15\/01\/2025)<\/span>\n\t\t<\/span>\n\t\t\t\t\t<\/a>\n\t\t<\/div>\n\t\t\t\t<\/div>\n\t\t\t\t<\/div>\n\t\t\t\t<div class=\"elementor-element elementor-element-5fc37f2 elementor-align-justify elementor-widget elementor-widget-button\" data-id=\"5fc37f2\" data-element_type=\"widget\" data-widget_type=\"button.default\">\n\t\t\t\t<div class=\"elementor-widget-container\">\n\t\t\t\t\t<div class=\"elementor-button-wrapper\">\n\t\t\t<a href=\"https:\/\/link.institutoaocp.org.br\/open-link?identificador=7fe75559-eedd-49f0-acb6-c41f54f0dae3\" target=\"_blank\" class=\"elementor-button-link elementor-button elementor-size-sm\" role=\"button\">\n\t\t\t\t\t\t<span class=\"elementor-button-content-wrapper\">\n\t\t\t\t\t\t\t<span class=\"elementor-button-icon elementor-align-icon-left\">\n\t\t\t\t<i aria-hidden=\"true\" class=\"fas fa-file-download\"><\/i>\t\t\t<\/span>\n\t\t\t\t\t\t<span class=\"elementor-button-text\">Segunda via do boleto banc\u00e1rio (at\u00e9 \u00e0s 22h do dia 15\/01\/2025)<\/span>\n\t\t<\/span>\n\t\t\t\t\t<\/a>\n\t\t<\/div>\n\t\t\t\t<\/div>\n\t\t\t\t<\/div>\n\t\t\t\t<div class=\"elementor-element elementor-element-d8e4aff elementor-align-justify elementor-widget elementor-widget-button\" data-id=\"d8e4aff\" data-element_type=\"widget\" data-widget_type=\"button.default\">\n\t\t\t\t<div class=\"elementor-widget-container\">\n\t\t\t\t\t<div class=\"elementor-button-wrapper\">\n\t\t\t<a href=\"https:\/\/link.institutoaocp.org.br\/open-link?identificador=999bcee1-0a60-4cd5-9034-1aa1b580c3f1\" target=\"_blank\" class=\"elementor-button-link elementor-button elementor-size-sm\" role=\"button\">\n\t\t\t\t\t\t<span class=\"elementor-button-content-wrapper\">\n\t\t\t\t\t\t\t<span class=\"elementor-button-icon elementor-align-icon-left\">\n\t\t\t\t<i aria-hidden=\"true\" class=\"fas fa-file-download\"><\/i>\t\t\t<\/span>\n\t\t\t\t\t\t<span class=\"elementor-button-text\">Envio de Laudo M\u00e9dico e Documentos - candidato PcD e\/ou condi\u00e7\u00e3o especial para prova (at\u00e9 \u00e1s 23h59min do dia 15\/01\/2025)<\/span>\n\t\t<\/span>\n\t\t\t\t\t<\/a>\n\t\t<\/div>\n\t\t\t\t<\/div>\n\t\t\t\t<\/div>\n\t\t\t\t\t<\/div>\n\t\t<\/div>\n\t\t\t\t<div class=\"elementor-column elementor-col-50 elementor-inner-column elementor-element elementor-element-a34cd01\" data-id=\"a34cd01\" data-element_type=\"column\">\n\t\t\t<div class=\"elementor-widget-wrap elementor-element-populated\">\n\t\t\t\t\t\t\t\t<div class=\"elementor-element elementor-element-2c3937d elementor-widget elementor-widget-heading\" data-id=\"2c3937d\" data-element_type=\"widget\" data-widget_type=\"heading.default\">\n\t\t\t\t<div class=\"elementor-widget-container\">\n\t\t\t<h2 class=\"elementor-heading-title elementor-size-default\">Publica\u00e7\u00f5es<\/h2>\t\t<\/div>\n\t\t\t\t<\/div>\n\t\t\t\t<div class=\"elementor-element elementor-element-8cd3678 elementor-align-justify elementor-widget elementor-widget-button\" data-id=\"8cd3678\" data-element_type=\"widget\" data-widget_type=\"button.default\">\n\t\t\t\t<div class=\"elementor-widget-container\">\n\t\t\t\t\t<div class=\"elementor-button-wrapper\">\n\t\t\t<a href=\"https:\/\/oftalmocuritiba.com.br\/edital-hospital-da-visao\/wp-content\/uploads\/2024\/12\/6c83d163-c25e-452f-b718-8b11371a5243.pdf\" target=\"_blank\" class=\"elementor-button-link elementor-button elementor-size-sm\" role=\"button\">\n\t\t\t\t\t\t<span class=\"elementor-button-content-wrapper\">\n\t\t\t\t\t\t\t<span class=\"elementor-button-icon elementor-align-icon-left\">\n\t\t\t\t<i aria-hidden=\"true\" class=\"fas fa-file-download\"><\/i>\t\t\t<\/span>\n\t\t\t\t\t\t<span class=\"elementor-button-text\">18\/12\/2024 - Anexo II - Dos Conte\u00fados Program\u00e1ticos - Edital de Abertura n\u00b0 01\/2024 - Oftalmoclinica Curitiba Hospital da Vis\u00e3o link cadastrado<\/span>\n\t\t<\/span>\n\t\t\t\t\t<\/a>\n\t\t<\/div>\n\t\t\t\t<\/div>\n\t\t\t\t<\/div>\n\t\t\t\t<div class=\"elementor-element elementor-element-bf0c777 elementor-align-justify elementor-widget elementor-widget-button\" data-id=\"bf0c777\" data-element_type=\"widget\" data-widget_type=\"button.default\">\n\t\t\t\t<div class=\"elementor-widget-container\">\n\t\t\t\t\t<div class=\"elementor-button-wrapper\">\n\t\t\t<a href=\"https:\/\/oftalmocuritiba.com.br\/edital-hospital-da-visao\/wp-content\/uploads\/2024\/12\/5a076b36-57c4-4399-8662-1423b4d20d08.pdf\" target=\"_blank\" class=\"elementor-button-link elementor-button elementor-size-sm\" role=\"button\">\n\t\t\t\t\t\t<span class=\"elementor-button-content-wrapper\">\n\t\t\t\t\t\t\t<span class=\"elementor-button-icon elementor-align-icon-left\">\n\t\t\t\t<i aria-hidden=\"true\" class=\"fas fa-file-download\"><\/i>\t\t\t<\/span>\n\t\t\t\t\t\t<span class=\"elementor-button-text\">18\/12\/2024 - Anexo I - Do Cronograma Provis\u00f3rio do Processo Seletivo - Edital de Abertura n\u00b0 01\/2024 - Oftalmoclinica Curitiba Hospital da Vis\u00e3o<\/span>\n\t\t<\/span>\n\t\t\t\t\t<\/a>\n\t\t<\/div>\n\t\t\t\t<\/div>\n\t\t\t\t<\/div>\n\t\t\t\t<div class=\"elementor-element elementor-element-e11d404 elementor-align-justify elementor-widget elementor-widget-button\" data-id=\"e11d404\" data-element_type=\"widget\" data-widget_type=\"button.default\">\n\t\t\t\t<div class=\"elementor-widget-container\">\n\t\t\t\t\t<div class=\"elementor-button-wrapper\">\n\t\t\t<a href=\"https:\/\/oftalmocuritiba.com.br\/edital-hospital-da-visao\/wp-content\/uploads\/2024\/12\/2ebde71f-bfd0-4f65-b119-969529397244.pdf\" target=\"_blank\" class=\"elementor-button-link elementor-button elementor-size-sm\" role=\"button\">\n\t\t\t\t\t\t<span class=\"elementor-button-content-wrapper\">\n\t\t\t\t\t\t\t<span class=\"elementor-button-icon elementor-align-icon-left\">\n\t\t\t\t<i aria-hidden=\"true\" class=\"fas fa-file-download\"><\/i>\t\t\t<\/span>\n\t\t\t\t\t\t<span class=\"elementor-button-text\">18\/12\/2024 - Edital de Abertura n\u00b0 01\/2024 - Oftalmoclinica Curitiba Hospital da Vis\u00e3o<\/span>\n\t\t<\/span>\n\t\t\t\t\t<\/a>\n\t\t<\/div>\n\t\t\t\t<\/div>\n\t\t\t\t<\/div>\n\t\t\t\t\t<\/div>\n\t\t<\/div>\n\t\t\t\t\t\t\t<\/div>\n\t\t<\/section>\n\t\t\t\t\t<\/div>\n\t\t<\/div>\n\t\t\t\t\t\t\t<\/div>\n\t\t<\/section>\n\t\t\t\t<section class=\"elementor-section elementor-top-section elementor-element elementor-element-f1a18a5 elementor-section-boxed elementor-section-height-default elementor-section-height-default\" data-id=\"f1a18a5\" data-element_type=\"section\">\n\t\t\t\t\t\t<div class=\"elementor-container elementor-column-gap-default\">\n\t\t\t\t\t<div class=\"elementor-column elementor-col-100 elementor-top-column elementor-element elementor-element-ad327d5\" data-id=\"ad327d5\" data-element_type=\"column\">\n\t\t\t<div class=\"elementor-widget-wrap elementor-element-populated\">\n\t\t\t\t\t\t\t\t<div class=\"elementor-element elementor-element-2fc8067 elementor-widget elementor-widget-html\" data-id=\"2fc8067\" data-element_type=\"widget\" data-widget_type=\"html.default\">\n\t\t\t\t<div class=\"elementor-widget-container\">\n\t\t\t<style>.site-header {display:none !important}<\/style>\t\t<\/div>\n\t\t\t\t<\/div>\n\t\t\t\t\t<\/div>\n\t\t<\/div>\n\t\t\t\t\t\t\t<\/div>\n\t\t<\/section>\n\t\t\t\t\t\t\t<\/div>\n\t\t","protected":false},"excerpt":{"rendered":"<p>EDITAL DE CONVOCA\u00c7\u00c3O PARA MATR\u00cdCULA 2\u00aa CHAMADA A OFTALMOCL\u00cdNICACURITIBA HOSPITAL DA VIS\u00c3O no uso das suas atribui\u00e7\u00f5es legais, torna p\u00fablico o Edital de Convoca\u00e7\u00e3o de Matr\u00edcula para 2\u00ba Chamada , nos seguintes termos: I \u2013 O candidato abaixo, na qualidade de 1\u00ba suplente, deve comparecer ao Oftalmo Curitiba Hospital da Vis\u00e3o no prazo de 2 [&hellip;]<\/p>\n","protected":false},"author":2,"featured_media":0,"parent":0,"menu_order":0,"comment_status":"closed","ping_status":"closed","template":"elementor_header_footer","meta":{"footnotes":""},"yoast_head":"<!-- This site is optimized with the Yoast SEO plugin v20.4 - https:\/\/yoast.com\/wordpress\/plugins\/seo\/ -->\n<title>edital - SITE<\/title>\n<meta name=\"robots\" content=\"index, follow, max-snippet:-1, max-image-preview:large, max-video-preview:-1\" \/>\n<link rel=\"canonical\" href=\"https:\/\/oftalmocuritiba.com.br\/edital-hospital-da-visao\/edital\/\" \/>\n<meta property=\"og:locale\" content=\"pt_BR\" \/>\n<meta property=\"og:type\" content=\"article\" \/>\n<meta property=\"og:title\" content=\"edital - SITE\" \/>\n<meta property=\"og:description\" content=\"EDITAL DE CONVOCA\u00c7\u00c3O PARA MATR\u00cdCULA 2\u00aa CHAMADA A OFTALMOCL\u00cdNICACURITIBA HOSPITAL DA VIS\u00c3O no uso das suas atribui\u00e7\u00f5es legais, torna p\u00fablico o Edital de Convoca\u00e7\u00e3o de Matr\u00edcula para 2\u00ba Chamada , nos seguintes termos: I \u2013 O candidato abaixo, na qualidade de 1\u00ba suplente, deve comparecer ao Oftalmo Curitiba Hospital da Vis\u00e3o no prazo de 2 [&hellip;]\" \/>\n<meta property=\"og:url\" content=\"https:\/\/oftalmocuritiba.com.br\/edital-hospital-da-visao\/edital\/\" \/>\n<meta property=\"og:site_name\" content=\"SITE\" \/>\n<meta property=\"article:modified_time\" content=\"2025-08-13T22:52:19+00:00\" \/>\n<meta property=\"og:image\" content=\"https:\/\/oftalmocuritiba.com.br\/edital-hospital-da-visao\/wp-content\/uploads\/2022\/11\/hospital-de-oftalmologia-em-curitiba.png\" \/>\n<meta name=\"twitter:card\" content=\"summary_large_image\" \/>\n<meta name=\"twitter:label1\" content=\"Est. tempo de leitura\" \/>\n\t<meta name=\"twitter:data1\" content=\"2 minutos\" \/>\n<script type=\"application\/ld+json\" class=\"yoast-schema-graph\">{\"@context\":\"https:\/\/schema.org\",\"@graph\":[{\"@type\":\"WebPage\",\"@id\":\"https:\/\/oftalmocuritiba.com.br\/edital-hospital-da-visao\/edital\/\",\"url\":\"https:\/\/oftalmocuritiba.com.br\/edital-hospital-da-visao\/edital\/\",\"name\":\"edital - SITE\",\"isPartOf\":{\"@id\":\"https:\/\/oftalmocuritiba.com.br\/edital-hospital-da-visao\/#website\"},\"datePublished\":\"2024-12-19T13:55:10+00:00\",\"dateModified\":\"2025-08-13T22:52:19+00:00\",\"breadcrumb\":{\"@id\":\"https:\/\/oftalmocuritiba.com.br\/edital-hospital-da-visao\/edital\/#breadcrumb\"},\"inLanguage\":\"pt-BR\",\"potentialAction\":[{\"@type\":\"ReadAction\",\"target\":[\"https:\/\/oftalmocuritiba.com.br\/edital-hospital-da-visao\/edital\/\"]}]},{\"@type\":\"BreadcrumbList\",\"@id\":\"https:\/\/oftalmocuritiba.com.br\/edital-hospital-da-visao\/edital\/#breadcrumb\",\"itemListElement\":[{\"@type\":\"ListItem\",\"position\":1,\"name\":\"In\u00edcio\",\"item\":\"https:\/\/oftalmocuritiba.com.br\/edital-hospital-da-visao\/\"},{\"@type\":\"ListItem\",\"position\":2,\"name\":\"edital\"}]},{\"@type\":\"WebSite\",\"@id\":\"https:\/\/oftalmocuritiba.com.br\/edital-hospital-da-visao\/#website\",\"url\":\"https:\/\/oftalmocuritiba.com.br\/edital-hospital-da-visao\/\",\"name\":\"SITE\",\"description\":\"SITE\",\"potentialAction\":[{\"@type\":\"SearchAction\",\"target\":{\"@type\":\"EntryPoint\",\"urlTemplate\":\"https:\/\/oftalmocuritiba.com.br\/edital-hospital-da-visao\/?s={search_term_string}\"},\"query-input\":\"required name=search_term_string\"}],\"inLanguage\":\"pt-BR\"}]}<\/script>\n<!-- \/ Yoast SEO plugin. -->","yoast_head_json":{"title":"edital - SITE","robots":{"index":"index","follow":"follow","max-snippet":"max-snippet:-1","max-image-preview":"max-image-preview:large","max-video-preview":"max-video-preview:-1"},"canonical":"https:\/\/oftalmocuritiba.com.br\/edital-hospital-da-visao\/edital\/","og_locale":"pt_BR","og_type":"article","og_title":"edital - SITE","og_description":"EDITAL DE CONVOCA\u00c7\u00c3O PARA MATR\u00cdCULA 2\u00aa CHAMADA A OFTALMOCL\u00cdNICACURITIBA HOSPITAL DA VIS\u00c3O no uso das suas atribui\u00e7\u00f5es legais, torna p\u00fablico o Edital de Convoca\u00e7\u00e3o de Matr\u00edcula para 2\u00ba Chamada , nos seguintes termos: I \u2013 O candidato abaixo, na qualidade de 1\u00ba suplente, deve comparecer ao Oftalmo Curitiba Hospital da Vis\u00e3o no prazo de 2 [&hellip;]","og_url":"https:\/\/oftalmocuritiba.com.br\/edital-hospital-da-visao\/edital\/","og_site_name":"SITE","article_modified_time":"2025-08-13T22:52:19+00:00","og_image":[{"url":"https:\/\/oftalmocuritiba.com.br\/edital-hospital-da-visao\/wp-content\/uploads\/2022\/11\/hospital-de-oftalmologia-em-curitiba.png"}],"twitter_card":"summary_large_image","twitter_misc":{"Est. tempo de leitura":"2 minutos"},"schema":{"@context":"https:\/\/schema.org","@graph":[{"@type":"WebPage","@id":"https:\/\/oftalmocuritiba.com.br\/edital-hospital-da-visao\/edital\/","url":"https:\/\/oftalmocuritiba.com.br\/edital-hospital-da-visao\/edital\/","name":"edital - SITE","isPartOf":{"@id":"https:\/\/oftalmocuritiba.com.br\/edital-hospital-da-visao\/#website"},"datePublished":"2024-12-19T13:55:10+00:00","dateModified":"2025-08-13T22:52:19+00:00","breadcrumb":{"@id":"https:\/\/oftalmocuritiba.com.br\/edital-hospital-da-visao\/edital\/#breadcrumb"},"inLanguage":"pt-BR","potentialAction":[{"@type":"ReadAction","target":["https:\/\/oftalmocuritiba.com.br\/edital-hospital-da-visao\/edital\/"]}]},{"@type":"BreadcrumbList","@id":"https:\/\/oftalmocuritiba.com.br\/edital-hospital-da-visao\/edital\/#breadcrumb","itemListElement":[{"@type":"ListItem","position":1,"name":"In\u00edcio","item":"https:\/\/oftalmocuritiba.com.br\/edital-hospital-da-visao\/"},{"@type":"ListItem","position":2,"name":"edital"}]},{"@type":"WebSite","@id":"https:\/\/oftalmocuritiba.com.br\/edital-hospital-da-visao\/#website","url":"https:\/\/oftalmocuritiba.com.br\/edital-hospital-da-visao\/","name":"SITE","description":"SITE","potentialAction":[{"@type":"SearchAction","target":{"@type":"EntryPoint","urlTemplate":"https:\/\/oftalmocuritiba.com.br\/edital-hospital-da-visao\/?s={search_term_string}"},"query-input":"required name=search_term_string"}],"inLanguage":"pt-BR"}]}},"_links":{"self":[{"href":"https:\/\/oftalmocuritiba.com.br\/edital-hospital-da-visao\/wp-json\/wp\/v2\/pages\/186"}],"collection":[{"href":"https:\/\/oftalmocuritiba.com.br\/edital-hospital-da-visao\/wp-json\/wp\/v2\/pages"}],"about":[{"href":"https:\/\/oftalmocuritiba.com.br\/edital-hospital-da-visao\/wp-json\/wp\/v2\/types\/page"}],"author":[{"embeddable":true,"href":"https:\/\/oftalmocuritiba.com.br\/edital-hospital-da-visao\/wp-json\/wp\/v2\/users\/2"}],"replies":[{"embeddable":true,"href":"https:\/\/oftalmocuritiba.com.br\/edital-hospital-da-visao\/wp-json\/wp\/v2\/comments?post=186"}],"version-history":[{"count":31,"href":"https:\/\/oftalmocuritiba.com.br\/edital-hospital-da-visao\/wp-json\/wp\/v2\/pages\/186\/revisions"}],"predecessor-version":[{"id":305,"href":"https:\/\/oftalmocuritiba.com.br\/edital-hospital-da-visao\/wp-json\/wp\/v2\/pages\/186\/revisions\/305"}],"wp:attachment":[{"href":"https:\/\/oftalmocuritiba.com.br\/edital-hospital-da-visao\/wp-json\/wp\/v2\/media?parent=186"}],"curies":[{"name":"wp","href":"https:\/\/api.w.org\/{rel}","templated":true}]}}