{"id":18,"date":"2022-03-15T16:47:20","date_gmt":"2022-03-15T19:47:20","guid":{"rendered":"https:\/\/oftalmocuritiba.com.br\/edital-hospital-da-visao\/?page_id=18"},"modified":"2025-07-28T09:52:14","modified_gmt":"2025-07-28T12:52:14","slug":"inicio","status":"publish","type":"page","link":"https:\/\/oftalmocuritiba.com.br\/edital-hospital-da-visao\/","title":{"rendered":"In\u00edcio"},"content":{"rendered":"\t\t<div data-elementor-type=\"wp-page\" data-elementor-id=\"18\" class=\"elementor elementor-18\">\n\t\t\t\t\t\t\t\t\t<section class=\"elementor-section elementor-top-section elementor-element elementor-element-9b9d350 elementor-section-boxed elementor-section-height-default elementor-section-height-default\" data-id=\"9b9d350\" data-element_type=\"section\">\n\t\t\t\t\t\t<div class=\"elementor-container elementor-column-gap-default\">\n\t\t\t\t\t<div class=\"elementor-column elementor-col-100 elementor-top-column elementor-element elementor-element-4c3b03b\" data-id=\"4c3b03b\" data-element_type=\"column\">\n\t\t\t<div class=\"elementor-widget-wrap elementor-element-populated\">\n\t\t\t\t\t\t\t\t<div class=\"elementor-element elementor-element-e60a7a7 elementor-widget elementor-widget-image\" data-id=\"e60a7a7\" data-element_type=\"widget\" data-widget_type=\"image.default\">\n\t\t\t\t<div class=\"elementor-widget-container\">\n\t\t\t\t\t\t\t\t\t\t\t\t\t\t\t<img loading=\"lazy\" decoding=\"async\" width=\"250\" height=\"58\" src=\"https:\/\/oftalmocuritiba.com.br\/edital-hospital-da-visao\/wp-content\/uploads\/2022\/11\/hospital-de-oftalmologia-em-curitiba.png\" class=\"attachment-large size-large wp-image-56\" alt=\"\" \/>\t\t\t\t\t\t\t\t\t\t\t\t\t\t\t<\/div>\n\t\t\t\t<\/div>\n\t\t\t\t\t<\/div>\n\t\t<\/div>\n\t\t\t\t\t\t\t<\/div>\n\t\t<\/section>\n\t\t\t\t<section class=\"elementor-section elementor-top-section elementor-element elementor-element-d75c443 elementor-section-boxed elementor-section-height-default elementor-section-height-default\" data-id=\"d75c443\" data-element_type=\"section\" data-settings=\"{&quot;background_background&quot;:&quot;classic&quot;}\">\n\t\t\t\t\t\t<div class=\"elementor-container elementor-column-gap-default\">\n\t\t\t\t\t<div class=\"elementor-column elementor-col-100 elementor-top-column elementor-element elementor-element-2eccffc\" data-id=\"2eccffc\" data-element_type=\"column\">\n\t\t\t<div class=\"elementor-widget-wrap elementor-element-populated\">\n\t\t\t\t\t\t\t\t<div class=\"elementor-element elementor-element-3928bb8 elementor-widget elementor-widget-heading\" data-id=\"3928bb8\" data-element_type=\"widget\" data-widget_type=\"heading.default\">\n\t\t\t\t<div class=\"elementor-widget-container\">\n\t\t\t<h2 class=\"elementor-heading-title elementor-size-default\">Edital para Processo Seletivo Fellowship Glaucoma 2025<\/h2>\t\t<\/div>\n\t\t\t\t<\/div>\n\t\t\t\t\t<\/div>\n\t\t<\/div>\n\t\t\t\t\t\t\t<\/div>\n\t\t<\/section>\n\t\t\t\t<section class=\"elementor-section elementor-top-section elementor-element elementor-element-6c53e90 elementor-section-boxed elementor-section-height-default elementor-section-height-default\" data-id=\"6c53e90\" data-element_type=\"section\" data-settings=\"{&quot;background_background&quot;:&quot;classic&quot;}\">\n\t\t\t\t\t\t<div class=\"elementor-container elementor-column-gap-default\">\n\t\t\t\t\t<div class=\"elementor-column elementor-col-100 elementor-top-column elementor-element elementor-element-b1f9ee9\" data-id=\"b1f9ee9\" data-element_type=\"column\">\n\t\t\t<div class=\"elementor-widget-wrap elementor-element-populated\">\n\t\t\t\t\t\t\t\t<section class=\"elementor-section elementor-inner-section elementor-element elementor-element-180b7d9 elementor-section-content-middle elementor-section-boxed elementor-section-height-default elementor-section-height-default\" data-id=\"180b7d9\" data-element_type=\"section\">\n\t\t\t\t\t\t<div class=\"elementor-container elementor-column-gap-default\">\n\t\t\t\t\t<div class=\"elementor-column elementor-col-50 elementor-inner-column elementor-element elementor-element-48e946c\" data-id=\"48e946c\" data-element_type=\"column\" data-settings=\"{&quot;background_background&quot;:&quot;classic&quot;}\">\n\t\t\t<div class=\"elementor-widget-wrap elementor-element-populated\">\n\t\t\t\t\t\t\t\t<div class=\"elementor-element elementor-element-b92d2dd elementor-widget elementor-widget-text-editor\" data-id=\"b92d2dd\" data-element_type=\"widget\" data-widget_type=\"text-editor.default\">\n\t\t\t\t<div class=\"elementor-widget-container\">\n\t\t\t\t\t\t\t<p><span class=\"fontstyle0\"><b>Inscri\u00e7\u00f5es:<br \/><\/b><\/span><span class=\"fontstyle1\">At\u00e9 08\/12\/2024<br \/><\/span><span class=\"fontstyle0\"><b>Entrevista presencial:<br \/><\/b><\/span><span class=\"fontstyle1\">16\/12\/2024<\/span><\/p>\t\t\t\t\t\t<\/div>\n\t\t\t\t<\/div>\n\t\t\t\t\t<\/div>\n\t\t<\/div>\n\t\t\t\t<div class=\"elementor-column elementor-col-50 elementor-inner-column elementor-element elementor-element-ee3cfce\" data-id=\"ee3cfce\" data-element_type=\"column\" data-settings=\"{&quot;background_background&quot;:&quot;classic&quot;}\">\n\t\t\t<div class=\"elementor-widget-wrap elementor-element-populated\">\n\t\t\t\t\t\t\t\t<div class=\"elementor-element elementor-element-4a7d12a elementor-widget elementor-widget-text-editor\" data-id=\"4a7d12a\" data-element_type=\"widget\" data-widget_type=\"text-editor.default\">\n\t\t\t\t<div class=\"elementor-widget-container\">\n\t\t\t\t\t\t\t<p><span class=\"fontstyle0\"><strong>Divulga\u00e7\u00e3o dos aprovados:<\/strong><br \/><\/span><span class=\"fontstyle2\">23\/12\/2024<br \/><\/span><span class=\"fontstyle0\"><strong>Integra\u00e7\u00e3o e in\u00edcio das atividades:<\/strong><br \/><\/span><span class=\"fontstyle2\">03\/02\/2025<\/span> <\/p>\t\t\t\t\t\t<\/div>\n\t\t\t\t<\/div>\n\t\t\t\t\t<\/div>\n\t\t<\/div>\n\t\t\t\t\t\t\t<\/div>\n\t\t<\/section>\n\t\t\t\t<div class=\"elementor-element elementor-element-a41174c elementor-widget elementor-widget-text-editor\" data-id=\"a41174c\" data-element_type=\"widget\" data-widget_type=\"text-editor.default\">\n\t\t\t\t<div class=\"elementor-widget-container\">\n\t\t\t\t\t\t\t<style>.heartbeat {display:none !important}<\/style>\t\t\t\t\t\t<\/div>\n\t\t\t\t<\/div>\n\t\t\t\t\t<\/div>\n\t\t<\/div>\n\t\t\t\t\t\t\t<\/div>\n\t\t<\/section>\n\t\t\t\t<section class=\"elementor-section elementor-top-section elementor-element elementor-element-7bc5e18 elementor-section-boxed elementor-section-height-default elementor-section-height-default\" data-id=\"7bc5e18\" data-element_type=\"section\" data-settings=\"{&quot;background_background&quot;:&quot;classic&quot;}\">\n\t\t\t\t\t\t<div class=\"elementor-container elementor-column-gap-default\">\n\t\t\t\t\t<div class=\"elementor-column elementor-col-100 elementor-top-column elementor-element elementor-element-ae9869c\" data-id=\"ae9869c\" data-element_type=\"column\">\n\t\t\t<div class=\"elementor-widget-wrap elementor-element-populated\">\n\t\t\t\t\t\t\t\t<div class=\"elementor-element elementor-element-202c5dc elementor-widget elementor-widget-text-editor\" data-id=\"202c5dc\" data-element_type=\"widget\" data-widget_type=\"text-editor.default\">\n\t\t\t\t<div class=\"elementor-widget-container\">\n\t\t\t\t\t\t\t<p><strong>1. Disposi\u00e7\u00f5es Preliminares<\/strong><\/p><p>A Oftalmo Curitiba Hospital da Vis\u00e3o informa a abertura das inscri\u00e7\u00f5es para o Programa de Fellowship de Glaucoma, disponibilizando um total de 2 (duas) vagas com dura\u00e7\u00e3o de 1 (um) ano.<\/p><p><strong>1.1 Fellowship Glaucoma<\/strong><\/p><p>Durante o per\u00edodo de dura\u00e7\u00e3o do Fellowship, o m\u00e9dico realizar\u00e1 atividades de educa\u00e7\u00e3o e pesquisa nos seguintes hospitais:<\/p><ul><li>Hospital Universit\u00e1rio Cajuru<\/li><li>Hospital de Miseric\u00f3rdia Santa Casa de Curitiba<\/li><li>Hospital Pequeno Pr\u00edncipe<\/li><li>Hospital Universit\u00e1rio Evang\u00e9lico Mackenzie<\/li><li>Oftalmo Curitiba \u2013 Hospital da Vis\u00e3o<\/li><\/ul><div>\u00a0<em>Observa\u00e7\u00e3o: N\u00e3o h\u00e1 v\u00ednculo empregat\u00edcio com as institui\u00e7\u00f5es mencionadas acima.<\/em><\/div><p>O servi\u00e7o cir\u00fargico abrange acompanhamento e realiza\u00e7\u00e3o de terapias oftalmol\u00f3gicas e cirurgias nos hospitais que fazem parte do servi\u00e7o, incluindo procedimentos como Trabeculectomia, Implantes valvulares, Trabeculoplastia Seletiva (SLT), Trabeculotomia e t\u00e9cnicas minimamente invasivas, como o GATT.<\/p><p>O servi\u00e7o cl\u00ednico inclui a realiza\u00e7\u00e3o de consultas e atendimentos ambulatoriais no Hospital Santa Casa, Hospital Universit\u00e1rio Cajuru e Oftalmo Curitiba Hospital da Vis\u00e3o, al\u00e9m da execu\u00e7\u00e3o de exames, abordando as proped\u00eauticas complementares tanto no SUS quanto em servi\u00e7os m\u00e9dicos privados, ligados ao setor de exames das cl\u00ednicas e hospitais.<\/p>\t\t\t\t\t\t<\/div>\n\t\t\t\t<\/div>\n\t\t\t\t<div class=\"elementor-element elementor-element-51b685f elementor-widget elementor-widget-text-editor\" data-id=\"51b685f\" data-element_type=\"widget\" data-widget_type=\"text-editor.default\">\n\t\t\t\t<div class=\"elementor-widget-container\">\n\t\t\t\t\t\t\t<p><b>M\u00e9dico Respons\u00e1vel: <\/b>Dr. Luiz Fernando Interaminense Garbers, CRM\/PR 28475<\/p>\t\t\t\t\t\t<\/div>\n\t\t\t\t<\/div>\n\t\t\t\t<div class=\"elementor-element elementor-element-9d853a4 elementor-widget elementor-widget-text-editor\" data-id=\"9d853a4\" data-element_type=\"widget\" data-widget_type=\"text-editor.default\">\n\t\t\t\t<div class=\"elementor-widget-container\">\n\t\t\t\t\t\t\t<p><strong>Equipe Respons\u00e1vel:\u00a0<\/strong><\/p><ul><li>Dr. Henrique Mostiack Guimaraes &#8211; CRM\/PR 42614<\/li><li>Dra. Liana Grupenmacher Iankilevich &#8211; CRM\/PR 36552<\/li><li>Dr. Rafael Victor Mierzwa &#8211; CRM\/PR 43235<\/li><\/ul>\t\t\t\t\t\t<\/div>\n\t\t\t\t<\/div>\n\t\t\t\t\t<\/div>\n\t\t<\/div>\n\t\t\t\t\t\t\t<\/div>\n\t\t<\/section>\n\t\t\t\t<section class=\"elementor-section elementor-top-section elementor-element elementor-element-8b47c7e elementor-section-boxed elementor-section-height-default elementor-section-height-default\" data-id=\"8b47c7e\" data-element_type=\"section\" data-settings=\"{&quot;background_background&quot;:&quot;classic&quot;}\">\n\t\t\t\t\t\t<div class=\"elementor-container elementor-column-gap-default\">\n\t\t\t\t\t<div class=\"elementor-column elementor-col-100 elementor-top-column elementor-element elementor-element-5d5adde\" data-id=\"5d5adde\" data-element_type=\"column\">\n\t\t\t<div class=\"elementor-widget-wrap elementor-element-populated\">\n\t\t\t\t\t\t\t\t<div class=\"elementor-element elementor-element-f882071 elementor-widget elementor-widget-text-editor\" data-id=\"f882071\" data-element_type=\"widget\" data-widget_type=\"text-editor.default\">\n\t\t\t\t<div class=\"elementor-widget-container\">\n\t\t\t\t\t\t\t<p><strong>2. Inscri\u00e7\u00f5es<\/strong><\/p><p><strong>2.1 Prazos<\/strong><br \/>As inscri\u00e7\u00f5es ser\u00e3o aceitas at\u00e9 o dia 08\/12\/2024.<\/p><p><strong>2.2 Pr\u00e9-requisitos necess\u00e1rios e irrevog\u00e1veis para a inscri\u00e7\u00e3o<\/strong><\/p><ul><li>Ser m\u00e9dico formado em todo o territ\u00f3rio nacional em curso de medicina reconhecido pelo MEC ou, se m\u00e9dico estrangeiro, ter conclu\u00eddo o curso m\u00e9dico no Brasil ou no exterior e, neste caso, ter sido aprovado no Exame Nacional de Revalida\u00e7\u00e3o, j\u00e1 possuindo o n\u00famero de CRM registrado.<\/li><li>O candidato deve concluir o \u00faltimo ano de resid\u00eancia em oftalmologia at\u00e9 mar\u00e7o de 2025, em servi\u00e7o credenciado e reconhecido pelo MEC e\/ou pelo Col\u00e9gio Brasileiro de Oftalmologia, ou j\u00e1 ser oftalmologista formado por servi\u00e7o credenciado e reconhecido pelo MEC e\/ou pelo Col\u00e9gio Brasileiro de Oftalmologia.<\/li><\/ul><p><strong>2.3 Documenta\u00e7\u00e3o exigida para inscri\u00e7\u00e3o<\/strong><\/p><ul><li>Carteira de Identidade<\/li><li>Diploma de M\u00e9dico<\/li><li>Identidade do m\u00e9dico com foto leg\u00edvel<\/li><li>Declara\u00e7\u00e3o de previs\u00e3o de t\u00e9rmino da resid\u00eancia em Oftalmologia em institui\u00e7\u00e3o reconhecida pelo MEC ou CBO at\u00e9 mar\u00e7o de 2025, ou c\u00f3pia do Diploma de Especialista da Associa\u00e7\u00e3o M\u00e9dica Brasileira, ou Registro de Qualifica\u00e7\u00e3o de Especialista (RQE) junto ao CRM ao qual est\u00e1 filiado<\/li><li>Link do Curr\u00edculo Lattes atualizado (apenas o link; c\u00f3pia f\u00edsica digitalizada \u00e9 dispensada)<\/li><\/ul><p><strong>2.4 Inscri\u00e7\u00e3o<\/strong><\/p><ul><li>A inscri\u00e7\u00e3o deve ser feita por meio do e-mail: <a rel=\"noopener\">oftalmologia@oftalmocuritiba.com.br<\/a><\/li><li>No assunto do e-mail, informar: <strong>INSCRI\u00c7\u00c3O FELLOWSHIP GLAUCOMA \u2013 [NOME COMPLETO]<\/strong><\/li><li>No corpo do e-mail, informar:<ul><li><strong>NOME COMPLETO<\/strong><\/li><li><strong>FILIA\u00c7\u00c3O<\/strong><\/li><li><strong>ENDERE\u00c7O<\/strong><\/li><li><strong>TELEFONE PARA CONTATO<\/strong><\/li><li><strong>E-MAIL DE CONTATO<\/strong><\/li><li><strong>LINK DO CURR\u00cdCULO LATTES ATUALIZADO<\/strong><\/li><li><strong>NOME E CONTATO DE PROFISSIONAL DE REFER\u00caNCIA<\/strong> (supervisor, professor, etc.)<\/li><\/ul><\/li><li>Os documentos elencados no item 2.3 devem ser anexados em imagem ou arquivo PDF leg\u00edveis.<\/li><li>\u00a0<span class=\"fontstyle0\">Documentos rasurados ou sem defini\u00e7\u00e3o suficiente para serem<br \/>avaliados ser\u00e3o recusados<\/span><\/li><li><span class=\"fontstyle0\">O candidato receber\u00e1 e-mail de confirma\u00e7\u00e3o de recebimento dos<br \/>documentos<\/span> <\/li><\/ul>\t\t\t\t\t\t<\/div>\n\t\t\t\t<\/div>\n\t\t\t\t\t<\/div>\n\t\t<\/div>\n\t\t\t\t\t\t\t<\/div>\n\t\t<\/section>\n\t\t\t\t<section class=\"elementor-section elementor-top-section elementor-element elementor-element-2c7fb59 elementor-section-content-middle elementor-section-boxed elementor-section-height-default elementor-section-height-default\" data-id=\"2c7fb59\" data-element_type=\"section\" data-settings=\"{&quot;background_background&quot;:&quot;classic&quot;}\">\n\t\t\t\t\t\t<div class=\"elementor-container elementor-column-gap-default\">\n\t\t\t\t\t<div class=\"elementor-column elementor-col-100 elementor-top-column elementor-element elementor-element-1d89245\" data-id=\"1d89245\" data-element_type=\"column\">\n\t\t\t<div class=\"elementor-widget-wrap elementor-element-populated\">\n\t\t\t\t\t\t\t\t<div class=\"elementor-element elementor-element-2bb6ad4 elementor-widget elementor-widget-text-editor\" data-id=\"2bb6ad4\" data-element_type=\"widget\" data-widget_type=\"text-editor.default\">\n\t\t\t\t<div class=\"elementor-widget-container\">\n\t\t\t\t\t\t\t<p><strong>3. Da Sele\u00e7\u00e3o<\/strong><\/p><ul><li>As entrevistas ser\u00e3o realizadas no dia <strong>16\/12\/2024<\/strong>, em hor\u00e1rio previamente agendado com o candidato, de forma presencial. O candidato deve comparecer com pelo menos 10 minutos de anteced\u00eancia.<\/li><li>O resultado ser\u00e1 divulgado no dia <strong>23\/12\/2024<\/strong> no site <span style=\"color: #ffffff;\"><a style=\"color: #ffffff;\" href=\"http:\/\/www.oftalmocuritiba.com.br\" target=\"_new\" rel=\"noopener\">www.oftalmocuritiba.com.br<\/a><\/span> e via e-mail para os candidatos selecionados.<\/li><\/ul><p><strong>D\u00favidas: <span style=\"text-decoration: underline;\"><span style=\"color: #ffffff;\"><a style=\"color: #ffffff; text-decoration: underline;\" href=\"mailto:oftalmologia@oftalmocuritiba.com.br\" rel=\"noopener\">oftalmologia@oftalmocuritiba.com.br<\/a><\/span><\/span><\/strong><\/p>\t\t\t\t\t\t<\/div>\n\t\t\t\t<\/div>\n\t\t\t\t\t<\/div>\n\t\t<\/div>\n\t\t\t\t\t\t\t<\/div>\n\t\t<\/section>\n\t\t\t\t<section class=\"elementor-section elementor-top-section elementor-element elementor-element-c99978f elementor-section-boxed elementor-section-height-default elementor-section-height-default\" data-id=\"c99978f\" data-element_type=\"section\">\n\t\t\t\t\t\t<div class=\"elementor-container elementor-column-gap-default\">\n\t\t\t\t\t<div class=\"elementor-column elementor-col-100 elementor-top-column elementor-element elementor-element-31820d7\" data-id=\"31820d7\" data-element_type=\"column\">\n\t\t\t<div class=\"elementor-widget-wrap elementor-element-populated\">\n\t\t\t\t\t\t\t\t<div class=\"elementor-element elementor-element-68b4e46 elementor-widget elementor-widget-html\" data-id=\"68b4e46\" data-element_type=\"widget\" data-widget_type=\"html.default\">\n\t\t\t\t<div class=\"elementor-widget-container\">\n\t\t\t<style>ul {margin-top:30px; margin-bottom:30px;} #site-header {display:none}<\/style>\t\t<\/div>\n\t\t\t\t<\/div>\n\t\t\t\t\t<\/div>\n\t\t<\/div>\n\t\t\t\t\t\t\t<\/div>\n\t\t<\/section>\n\t\t\t\t\t\t\t<\/div>\n\t\t","protected":false},"excerpt":{"rendered":"<p>Edital para Processo Seletivo Fellowship Glaucoma 2025 Inscri\u00e7\u00f5es:At\u00e9 08\/12\/2024Entrevista presencial:16\/12\/2024 Divulga\u00e7\u00e3o dos aprovados:23\/12\/2024Integra\u00e7\u00e3o e in\u00edcio das atividades:03\/02\/2025 1. Disposi\u00e7\u00f5es Preliminares A Oftalmo Curitiba Hospital da Vis\u00e3o informa a abertura das inscri\u00e7\u00f5es para o Programa de Fellowship de Glaucoma, disponibilizando um total de 2 (duas) vagas com dura\u00e7\u00e3o de 1 (um) ano. 1.1 Fellowship Glaucoma Durante [&hellip;]<\/p>\n","protected":false},"author":1,"featured_media":0,"parent":0,"menu_order":0,"comment_status":"closed","ping_status":"closed","template":"","meta":{"footnotes":""},"yoast_head":"<!-- This site is optimized with the Yoast SEO plugin v20.4 - https:\/\/yoast.com\/wordpress\/plugins\/seo\/ -->\n<title>Fellowship Hospital da Vis\u00e3o<\/title>\n<meta name=\"robots\" content=\"index, follow, max-snippet:-1, max-image-preview:large, max-video-preview:-1\" \/>\n<link rel=\"canonical\" href=\"https:\/\/oftalmocuritiba.com.br\/edital-hospital-da-visao\/\" \/>\n<meta property=\"og:locale\" content=\"pt_BR\" \/>\n<meta property=\"og:type\" content=\"article\" \/>\n<meta property=\"og:title\" content=\"Fellowship Hospital da Vis\u00e3o\" \/>\n<meta property=\"og:description\" content=\"Edital para Processo Seletivo Fellowship Glaucoma 2025 Inscri\u00e7\u00f5es:At\u00e9 08\/12\/2024Entrevista presencial:16\/12\/2024 Divulga\u00e7\u00e3o dos aprovados:23\/12\/2024Integra\u00e7\u00e3o e in\u00edcio das atividades:03\/02\/2025 1. Disposi\u00e7\u00f5es Preliminares A Oftalmo Curitiba Hospital da Vis\u00e3o informa a abertura das inscri\u00e7\u00f5es para o Programa de Fellowship de Glaucoma, disponibilizando um total de 2 (duas) vagas com dura\u00e7\u00e3o de 1 (um) ano. 1.1 Fellowship Glaucoma Durante [&hellip;]\" \/>\n<meta property=\"og:url\" content=\"https:\/\/oftalmocuritiba.com.br\/edital-hospital-da-visao\/\" \/>\n<meta property=\"og:site_name\" content=\"SITE\" \/>\n<meta property=\"article:modified_time\" content=\"2025-07-28T12:52:14+00:00\" \/>\n<meta property=\"og:image\" content=\"https:\/\/oftalmocuritiba.com.br\/edital-hospital-da-visao\/wp-content\/uploads\/2022\/11\/hospital-de-oftalmologia-em-curitiba.png\" \/>\n<meta name=\"twitter:card\" content=\"summary_large_image\" \/>\n<meta name=\"twitter:label1\" content=\"Est. tempo de leitura\" \/>\n\t<meta name=\"twitter:data1\" content=\"4 minutos\" \/>\n<script type=\"application\/ld+json\" class=\"yoast-schema-graph\">{\"@context\":\"https:\/\/schema.org\",\"@graph\":[{\"@type\":\"WebPage\",\"@id\":\"https:\/\/oftalmocuritiba.com.br\/edital-hospital-da-visao\/\",\"url\":\"https:\/\/oftalmocuritiba.com.br\/edital-hospital-da-visao\/\",\"name\":\"Fellowship Hospital da Vis\u00e3o\",\"isPartOf\":{\"@id\":\"https:\/\/oftalmocuritiba.com.br\/edital-hospital-da-visao\/#website\"},\"datePublished\":\"2022-03-15T19:47:20+00:00\",\"dateModified\":\"2025-07-28T12:52:14+00:00\",\"breadcrumb\":{\"@id\":\"https:\/\/oftalmocuritiba.com.br\/edital-hospital-da-visao\/#breadcrumb\"},\"inLanguage\":\"pt-BR\",\"potentialAction\":[{\"@type\":\"ReadAction\",\"target\":[\"https:\/\/oftalmocuritiba.com.br\/edital-hospital-da-visao\/\"]}]},{\"@type\":\"BreadcrumbList\",\"@id\":\"https:\/\/oftalmocuritiba.com.br\/edital-hospital-da-visao\/#breadcrumb\",\"itemListElement\":[{\"@type\":\"ListItem\",\"position\":1,\"name\":\"In\u00edcio\",\"item\":\"https:\/\/oftalmocuritiba.com.br\/edital-hospital-da-visao\/\"},{\"@type\":\"ListItem\",\"position\":2,\"name\":\"In\u00edcio\"}]},{\"@type\":\"WebSite\",\"@id\":\"https:\/\/oftalmocuritiba.com.br\/edital-hospital-da-visao\/#website\",\"url\":\"https:\/\/oftalmocuritiba.com.br\/edital-hospital-da-visao\/\",\"name\":\"SITE\",\"description\":\"SITE\",\"potentialAction\":[{\"@type\":\"SearchAction\",\"target\":{\"@type\":\"EntryPoint\",\"urlTemplate\":\"https:\/\/oftalmocuritiba.com.br\/edital-hospital-da-visao\/?s={search_term_string}\"},\"query-input\":\"required name=search_term_string\"}],\"inLanguage\":\"pt-BR\"}]}<\/script>\n<!-- \/ Yoast SEO plugin. -->","yoast_head_json":{"title":"Fellowship Hospital da Vis\u00e3o","robots":{"index":"index","follow":"follow","max-snippet":"max-snippet:-1","max-image-preview":"max-image-preview:large","max-video-preview":"max-video-preview:-1"},"canonical":"https:\/\/oftalmocuritiba.com.br\/edital-hospital-da-visao\/","og_locale":"pt_BR","og_type":"article","og_title":"Fellowship Hospital da Vis\u00e3o","og_description":"Edital para Processo Seletivo Fellowship Glaucoma 2025 Inscri\u00e7\u00f5es:At\u00e9 08\/12\/2024Entrevista presencial:16\/12\/2024 Divulga\u00e7\u00e3o dos aprovados:23\/12\/2024Integra\u00e7\u00e3o e in\u00edcio das atividades:03\/02\/2025 1. Disposi\u00e7\u00f5es Preliminares A Oftalmo Curitiba Hospital da Vis\u00e3o informa a abertura das inscri\u00e7\u00f5es para o Programa de Fellowship de Glaucoma, disponibilizando um total de 2 (duas) vagas com dura\u00e7\u00e3o de 1 (um) ano. 1.1 Fellowship Glaucoma Durante [&hellip;]","og_url":"https:\/\/oftalmocuritiba.com.br\/edital-hospital-da-visao\/","og_site_name":"SITE","article_modified_time":"2025-07-28T12:52:14+00:00","og_image":[{"url":"https:\/\/oftalmocuritiba.com.br\/edital-hospital-da-visao\/wp-content\/uploads\/2022\/11\/hospital-de-oftalmologia-em-curitiba.png"}],"twitter_card":"summary_large_image","twitter_misc":{"Est. tempo de leitura":"4 minutos"},"schema":{"@context":"https:\/\/schema.org","@graph":[{"@type":"WebPage","@id":"https:\/\/oftalmocuritiba.com.br\/edital-hospital-da-visao\/","url":"https:\/\/oftalmocuritiba.com.br\/edital-hospital-da-visao\/","name":"Fellowship Hospital da Vis\u00e3o","isPartOf":{"@id":"https:\/\/oftalmocuritiba.com.br\/edital-hospital-da-visao\/#website"},"datePublished":"2022-03-15T19:47:20+00:00","dateModified":"2025-07-28T12:52:14+00:00","breadcrumb":{"@id":"https:\/\/oftalmocuritiba.com.br\/edital-hospital-da-visao\/#breadcrumb"},"inLanguage":"pt-BR","potentialAction":[{"@type":"ReadAction","target":["https:\/\/oftalmocuritiba.com.br\/edital-hospital-da-visao\/"]}]},{"@type":"BreadcrumbList","@id":"https:\/\/oftalmocuritiba.com.br\/edital-hospital-da-visao\/#breadcrumb","itemListElement":[{"@type":"ListItem","position":1,"name":"In\u00edcio","item":"https:\/\/oftalmocuritiba.com.br\/edital-hospital-da-visao\/"},{"@type":"ListItem","position":2,"name":"In\u00edcio"}]},{"@type":"WebSite","@id":"https:\/\/oftalmocuritiba.com.br\/edital-hospital-da-visao\/#website","url":"https:\/\/oftalmocuritiba.com.br\/edital-hospital-da-visao\/","name":"SITE","description":"SITE","potentialAction":[{"@type":"SearchAction","target":{"@type":"EntryPoint","urlTemplate":"https:\/\/oftalmocuritiba.com.br\/edital-hospital-da-visao\/?s={search_term_string}"},"query-input":"required name=search_term_string"}],"inLanguage":"pt-BR"}]}},"_links":{"self":[{"href":"https:\/\/oftalmocuritiba.com.br\/edital-hospital-da-visao\/wp-json\/wp\/v2\/pages\/18"}],"collection":[{"href":"https:\/\/oftalmocuritiba.com.br\/edital-hospital-da-visao\/wp-json\/wp\/v2\/pages"}],"about":[{"href":"https:\/\/oftalmocuritiba.com.br\/edital-hospital-da-visao\/wp-json\/wp\/v2\/types\/page"}],"author":[{"embeddable":true,"href":"https:\/\/oftalmocuritiba.com.br\/edital-hospital-da-visao\/wp-json\/wp\/v2\/users\/1"}],"replies":[{"embeddable":true,"href":"https:\/\/oftalmocuritiba.com.br\/edital-hospital-da-visao\/wp-json\/wp\/v2\/comments?post=18"}],"version-history":[{"count":108,"href":"https:\/\/oftalmocuritiba.com.br\/edital-hospital-da-visao\/wp-json\/wp\/v2\/pages\/18\/revisions"}],"predecessor-version":[{"id":311,"href":"https:\/\/oftalmocuritiba.com.br\/edital-hospital-da-visao\/wp-json\/wp\/v2\/pages\/18\/revisions\/311"}],"wp:attachment":[{"href":"https:\/\/oftalmocuritiba.com.br\/edital-hospital-da-visao\/wp-json\/wp\/v2\/media?parent=18"}],"curies":[{"name":"wp","href":"https:\/\/api.w.org\/{rel}","templated":true}]}}